
	{"id":15,"date":"2020-09-18T09:59:51","date_gmt":"2020-09-18T07:59:51","guid":{"rendered":"https:\/\/speditiondigital.de\/?page_id=15"},"modified":"2020-10-15T09:25:57","modified_gmt":"2020-10-15T07:25:57","slug":"direktfahrt-und-kurierdienst-europa","status":"publish","type":"page","link":"https:\/\/speditiondigital.de\/el\/","title":{"rendered":"transmovia &#8211; Direktfahrt und Kurierdienst europaweit"},"content":{"rendered":"<div class='flex_column_table av-kfkq4o8a-75cc3c738a82494e4ddb9a57d2c953b4 sc-av_one_full av-equal-height-column-flextable'>\n<style type=\"text\/css\" data-created_by=\"avia_inline_auto\" id=\"style-css-av-kfkq4o8a-75cc3c738a82494e4ddb9a57d2c953b4\">\n#top .flex_column_table.av-equal-height-column-flextable.av-kfkq4o8a-75cc3c738a82494e4ddb9a57d2c953b4{\nmargin-top:0px;\nmargin-bottom:-40px;\n}\n.flex_column.av-kfkq4o8a-75cc3c738a82494e4ddb9a57d2c953b4{\n-webkit-border-radius:0px 0px 0px 0px;\n-moz-border-radius:0px 0px 0px 0px;\nborder-radius:0px 0px 0px 0px;\npadding:0px 0px 0px 0px;\n}\n<\/style>\n<div  class='flex_column av-kfkq4o8a-75cc3c738a82494e4ddb9a57d2c953b4 av_one_full  avia-builder-el-0  el_before_av_one_third  avia-builder-el-first  first no_margin flex_column_table_cell av-equal-height-column av-align-top av-zero-column-padding  '     ><section  class='av_textblock_section av-kfkq5n3e-77cd43ba6cf4898d6b4d625729602ee0 '   itemscope=\"itemscope\" itemtype=\"https:\/\/schema.org\/CreativeWork\" ><div class='avia_textblock'  itemprop=\"text\" ><h1>Digitale Spedition f\u00fcr Direkt- und Sonderfahrten<\/h1>\n<p>Mit unserem Online-Kalkulator schnell &amp; effizient die Kosten f\u00fcr Ihre Lieferung berechnen!<br \/>\nKompetente Kurierdienstleistungen f\u00fcr jeden Bedarf. Reibungslos, schnell &amp; effizient.<br \/>\nFlexibler Sofort-Service. Deutschland und europaweit. Keine Registrierung n\u00f6tig!<\/p>\n<\/div><\/section><\/div><\/div><!--close column table wrapper. Autoclose: 1 -->\n<div class='flex_column_table av-3ijyb-ee582e0e0ea8ef3b2d4728b316931050 sc-av_one_third av-equal-height-column-flextable'>\n<style type=\"text\/css\" data-created_by=\"avia_inline_auto\" id=\"style-css-av-3ijyb-ee582e0e0ea8ef3b2d4728b316931050\">\n.flex_column.av-3ijyb-ee582e0e0ea8ef3b2d4728b316931050{\n-webkit-border-radius:0px 0px 0px 0px;\n-moz-border-radius:0px 0px 0px 0px;\nborder-radius:0px 0px 0px 0px;\npadding:0px 0px 0px 0px;\n}\n<\/style>\n<div  class='flex_column av-3ijyb-ee582e0e0ea8ef3b2d4728b316931050 av_one_third  avia-builder-el-2  el_after_av_one_full  el_before_av_three_fifth  first no_margin flex_column_table_cell av-equal-height-column av-align-top av-zero-column-padding  column-top-margin'     ><style type=\"text\/css\" data-created_by=\"avia_inline_auto\" id=\"style-css-av-kf7ycl19-83057218603c5c108e8f37fc191cb47e\">\n.avia-image-container.av-kf7ycl19-83057218603c5c108e8f37fc191cb47e img.avia_image{\nbox-shadow:none;\n}\n.avia-image-container.av-kf7ycl19-83057218603c5c108e8f37fc191cb47e .av-image-caption-overlay-center{\ncolor:#ffffff;\n}\n<\/style>\n<div  class='avia-image-container av-kf7ycl19-83057218603c5c108e8f37fc191cb47e av-styling- avia-align-left  avia-builder-el-3  avia-builder-el-no-sibling '   itemprop=\"image\" itemscope=\"itemscope\" itemtype=\"https:\/\/schema.org\/ImageObject\" ><div class=\"avia-image-container-inner\"><div class=\"avia-image-overlay-wrap\"><img decoding=\"async\" loading=\"lazy\" class='wp-image-6155 avia-img-lazy-loading-6155 avia_image ' src=\"https:\/\/speditiondigital.de\/wp-content\/uploads\/transmovia_manager-495x400.jpg\" alt='' title='transmovia_manager'  height=\"400\" width=\"495\"  itemprop=\"thumbnailUrl\"  \/><\/div><\/div><\/div><\/div>\n\n<style type=\"text\/css\" data-created_by=\"avia_inline_auto\" id=\"style-css-av-2qlgz-29bc28815f7b69433fcdd2839fbfe29a\">\n.flex_column.av-2qlgz-29bc28815f7b69433fcdd2839fbfe29a{\n-webkit-border-radius:0px 0px 0px 0px;\n-moz-border-radius:0px 0px 0px 0px;\nborder-radius:0px 0px 0px 0px;\npadding:0px 0px 0px 0px;\n}\n<\/style>\n<div  class='flex_column av-2qlgz-29bc28815f7b69433fcdd2839fbfe29a av_three_fifth  avia-builder-el-4  el_after_av_one_third  el_before_av_one_full  no_margin flex_column_table_cell av-equal-height-column av-align-top av-zero-column-padding  column-top-margin'     ><section  class='av_textblock_section av-kf7y8lko-5bc51fa3299191a5e56cab21822f6082 '   itemscope=\"itemscope\" itemtype=\"https:\/\/schema.org\/CreativeWork\" ><div class='avia_textblock'  itemprop=\"text\" ><h3>Versand und Transport<br \/>\n<strong>ab 0,69 EUR \/ km<\/strong><\/h3>\n<ul>\n<li>Sofortabholung<\/li>\n<li>Direkt von T\u00fcr zu T\u00fcr ohne Umladen<\/li>\n<li>Bis 2.800kg Nutzlast pro LKW<\/li>\n<li>Bis zu 15 Stellpl\u00e4tze f\u00fcr Europaletten<\/li>\n<li>Beladung seitlich, von oben und von hinten<\/li>\n<li>Hebeb\u00fchne, Avisierung, Transporthelfer&#8230;<\/li>\n<\/ul>\n<\/div><\/section><br \/>\n<div  class='avia-button-wrap av-kf7ya6d7-0049ee20e6b0ea17bc6a70285e6c6b70-wrap avia-button-left  avia-builder-el-6  el_after_av_textblock  avia-builder-el-last '><a href='https:\/\/speditiondigital.de\/\/transmovia-transport-preisrechner'  class='avia-button av-kf7ya6d7-0049ee20e6b0ea17bc6a70285e6c6b70 avia-icon_select-yes-left-icon avia-size-large avia-position-left avia-color-theme-color'  ><span class='avia_button_icon avia_button_icon_left' aria-hidden='true' data-av_icon='\ue8ad' data-av_iconfont='entypo-fontello'><\/span><span class='avia_iconbox_title' >zum Preisrechner<\/span><\/a><\/div><\/p><\/div><\/div><!--close column table wrapper. Autoclose: 1 -->\n<div class='flex_column_table av-29wgv-5e2aff86cab98b96263423cdc9428223 sc-av_one_full av-equal-height-column-flextable'>\n<style type=\"text\/css\" data-created_by=\"avia_inline_auto\" id=\"style-css-av-29wgv-5e2aff86cab98b96263423cdc9428223\">\n#top .flex_column_table.av-equal-height-column-flextable.av-29wgv-5e2aff86cab98b96263423cdc9428223{\nmargin-top:0px;\nmargin-bottom:-10px;\n}\n.flex_column.av-29wgv-5e2aff86cab98b96263423cdc9428223{\n-webkit-border-radius:0px 0px 0px 0px;\n-moz-border-radius:0px 0px 0px 0px;\nborder-radius:0px 0px 0px 0px;\npadding:0px 0px 0px 0px;\n}\n<\/style>\n<div  class='flex_column av-29wgv-5e2aff86cab98b96263423cdc9428223 av_one_full  avia-builder-el-7  el_after_av_three_fifth  el_before_av_one_half  first flex_column_table_cell av-equal-height-column av-align-bottom av-zero-column-padding  '     ><section  class='av_textblock_section av-kf7y5biw-c24d2c74735b3f99155605eba768abf7 '   itemscope=\"itemscope\" itemtype=\"https:\/\/schema.org\/CreativeWork\" ><div class='avia_textblock'  itemprop=\"text\" ><p><strong>Fracht von und nach Deutschland transportieren zum <a href=\"https:\/\/speditiondigital.de\/transmovia-transport-preisrechner\/\">besten Preis<\/a> mit transmovia<\/strong><\/p>\n<p>transmovia ist Deutschlands innovatives <a href=\"https:\/\/speditiondigital.de\/transmovia-transport-preisrechner\/\">Buchungsportal<\/a> f\u00fcr all Ihre Kuriersendungen und Transporte nach ganz Europa. Transportieren Sie noch heute sicher, schnell und zuverl\u00e4ssig Ihre Fracht nach Deutschland.<\/p>\n<p>transmovia stellt Ihnen eine Auswahl an verschiedener Transporter, Sprinter und LKWs zur Verf\u00fcgung. Somit erhalten Sie in wenigen Sekunden ein auf Ihre Fracht abgestimmtes <a href=\"https:\/\/speditiondigital.de\/transmovia-transport-preisrechner\/\">Angebot zum Festpreis<\/a> \u2013 und sparen nicht nur Zeit, sondern auch bares Geld.<\/p>\n<p><strong>Sehr gutes Preis-Leistungs-Verh\u00e4ltnis, Abholung und Lieferung termingenau, ausgezeichneter Kundenservice<\/strong><\/p>\n<p>Der Buchungsvorgang bei transmovia ist einfach und unkompliziert. So erm\u00f6glichen wir Ihnen eine rasche und zuverl\u00e4ssige Zustellung Ihrer Fracht. Dank der Kooperation mit den st\u00e4rksten Speditionen Europas profitieren Sie beim Transport Ihrer Ware, G\u00fcter, M\u00f6bel, Pakete nicht nur vom Express Kurierdienst, sondern erhalten eine reibungslose und schnelle Abwicklung ihrer Auftr\u00e4ge.<\/p>\n<p>Nutzen Sie unseren Kurierdienst und <a href=\"https:\/\/speditiondigital.de\/transmovia-transport-preisrechner\/\">buchen<\/a> Sie direkt Ihr freies Fahrzeug online und sparen wertvolle Zeit \u2013 kein l\u00e4stiges Warten bis Ihre Speditionsanfrage beantwortet und koordiniert wird. Transportieren Sie mit transmovia Ihre Fracht direkt von T\u00fcr zu T\u00fcr nach ganz Europa deutlich preisg\u00fcnstiger als mit einer klassischen Spedition!<\/p>\n<p><strong>In nur wenigen Schritten zum Transportauftrag<\/strong><\/p>\n<p>Fracht versenden war noch nie so einfach. Geben Sie einfach den Ort, Datum, Zeit der Abholung und der Lieferung ein und w\u00e4hlen Sie das passende Fahrzeug. Haben Sie sich f\u00fcr den besten Preis entschieden teilen Sie uns nur noch Ma\u00dfe, Gewicht und Art der Fracht mit und buchen direkt ein freies Fahrzeug.<\/p>\n<p>Nach einer Buchung brauchen Sie nicht mehr auf eine Best\u00e4tigung warten. Wir transportieren direkt ohne Umwege deutschland- und europaweit.<\/p>\n<p><strong>Transportkosten online bezahlen<\/strong><\/p>\n<p>Kunden von transmovia bezahlen sicher und bequem online mit der von Ihnen gew\u00fcnschten Zahlungsart: Zahlen Sie per Kreditkarte, per \u00dcberweisung oder PayPal.<\/p>\n<p><strong>Professioneller Kurierdienst f\u00fcr ganz Europa<\/strong><\/p>\n<p>Kurier Transport Express &#8211; Unabh\u00e4ngig davon, ob das Paket an einen Empf\u00e4nger in Deutschland oder einem anderen Land der Europ\u00e4ischen Union zugestellt werden soll, k\u00f6nnen Sie uns problemlos beauftragen &#8211; der <strong>transmovia Kurierdienst<\/strong> wird ihre Fracht termingenau liefern. Wir bieten in- und ausl\u00e4ndische Kurierdienste in Zusammenarbeit mit professionellen Kurierunternehmen mit einem dichten Netzwerk von Spediteuren in ganz Europa. Ben\u00f6tigen Sie einen g\u00fcnstigen Kurierdienst? <a href=\"https:\/\/speditiondigital.de\/transmovia-transport-preisrechner\/\">Lassen Sie uns transportieren!<\/a><\/p>\n<p>Wir bei transmovia legen den Fokus auf den schnellen und sicheren Transport innerhalb Deutschlands sowie von hier ins Ausland. Eine gute Kommunikation und eine reibungslose Abwicklung stehen f\u00fcr uns an erster Stelle. Bei Fragen stehen wir Ihnen gern per E-Mail zur Verf\u00fcgung oder beraten Sie direkt am Telefon.<\/p>\n<\/div><\/section><\/div><\/div><!--close column table wrapper. Autoclose: 1 -->\n\n<style type=\"text\/css\" data-created_by=\"avia_inline_auto\" id=\"style-css-av-1czo3-ccb5a7478282de4cb65a01b5333fe620\">\n.flex_column.av-1czo3-ccb5a7478282de4cb65a01b5333fe620{\n-webkit-border-radius:0px 0px 0px 0px;\n-moz-border-radius:0px 0px 0px 0px;\nborder-radius:0px 0px 0px 0px;\npadding:0px 0px 0px 0px;\n}\n<\/style>\n<div  class='flex_column av-1czo3-ccb5a7478282de4cb65a01b5333fe620 av_one_half  avia-builder-el-9  el_after_av_one_full  el_before_av_one_half  first flex_column_div av-zero-column-padding  column-top-margin'     ><section  class='av_textblock_section av-kf7y284h-941eacb819be4ae14713d2d3627b3052 '   itemscope=\"itemscope\" itemtype=\"https:\/\/schema.org\/CreativeWork\" ><div class='avia_textblock'  itemprop=\"text\" ><ul>\n<li>Transport nach Berlin<\/li>\n<li>Transport nach Braunschweig<\/li>\n<li>Transport nach Dortmund<\/li>\n<li>Transport nach D\u00fcsseldorf<\/li>\n<li>Transport nach Essen<\/li>\n<li>Transport nach Frankfurt am Main<\/li>\n<li>Transport nach Hamburg<\/li>\n<li>Transport nach K\u00f6ln<\/li>\n<li>Transport nach Karlsruhe<\/li>\n<li>Transport nach Mannheim<\/li>\n<li>Transport nach M\u00fcnchen<\/li>\n<\/ul>\n<\/div><\/section><\/div>\n\n<style type=\"text\/css\" data-created_by=\"avia_inline_auto\" id=\"style-css-av-vwrz-f2c0af010c69ea8ba4248a6d88588e39\">\n.flex_column.av-vwrz-f2c0af010c69ea8ba4248a6d88588e39{\n-webkit-border-radius:0px 0px 0px 0px;\n-moz-border-radius:0px 0px 0px 0px;\nborder-radius:0px 0px 0px 0px;\npadding:0px 0px 0px 0px;\n}\n<\/style>\n<div  class='flex_column av-vwrz-f2c0af010c69ea8ba4248a6d88588e39 av_one_half  avia-builder-el-11  el_after_av_one_half  avia-builder-el-last  flex_column_div av-zero-column-padding  column-top-margin'     ><section  class='av_textblock_section av-kf7y2s0u-861ed7c7022ccbd4ba834a4f5801f718 '   itemscope=\"itemscope\" itemtype=\"https:\/\/schema.org\/CreativeWork\" ><div class='avia_textblock'  itemprop=\"text\" ><ul>\n<li>Direktfahrt von Deutschland nach Spanien<\/li>\n<li>Direktfahrt von Frankreich nach Polen<\/li>\n<li>Direktfahrt von Deutschland nach Italien<\/li>\n<li>Direktfahrt von England nach \u00d6sterreich<\/li>\n<li>Direktfahrt von Schweiz nach Luxemburg<\/li>\n<li>Direktfahrt von Deutschland nach Frankreich<\/li>\n<li>Direktfahrt von Spanien nach Italien<\/li>\n<li>Direktfahrt von Deutschland nach Gro\u00dfbritannien<\/li>\n<li>Direktfahrt von Tschechien nach Portugal<\/li>\n<li>Direktfahrt von Deutschland nach Holland<\/li>\n<li>Direktfahrt von Niederlande nach Kroatien<\/li>\n<\/ul>\n<\/div><\/section><\/div>\n","protected":false},"excerpt":{"rendered":"","protected":false},"author":1,"featured_media":0,"parent":0,"menu_order":0,"comment_status":"closed","ping_status":"closed","template":"","meta":{"footnotes":""},"acf":[],"_links":{"self":[{"href":"https:\/\/speditiondigital.de\/el\/wp-json\/wp\/v2\/pages\/15"}],"collection":[{"href":"https:\/\/speditiondigital.de\/el\/wp-json\/wp\/v2\/pages"}],"about":[{"href":"https:\/\/speditiondigital.de\/el\/wp-json\/wp\/v2\/types\/page"}],"author":[{"embeddable":true,"href":"https:\/\/speditiondigital.de\/el\/wp-json\/wp\/v2\/users\/1"}],"replies":[{"embeddable":true,"href":"https:\/\/speditiondigital.de\/el\/wp-json\/wp\/v2\/comments?post=15"}],"version-history":[{"count":31,"href":"https:\/\/speditiondigital.de\/el\/wp-json\/wp\/v2\/pages\/15\/revisions"}],"predecessor-version":[{"id":11409,"href":"https:\/\/speditiondigital.de\/el\/wp-json\/wp\/v2\/pages\/15\/revisions\/11409"}],"wp:attachment":[{"href":"https:\/\/speditiondigital.de\/el\/wp-json\/wp\/v2\/media?parent=15"}],"curies":[{"name":"wp","href":"https:\/\/api.w.org\/{rel}","templated":true}]}}