
	{"id":4474,"date":"2018-10-10T17:14:09","date_gmt":"2018-10-10T15:14:09","guid":{"rendered":"https:\/\/speditiondigital.de\/versand-und-transporthinweise\/"},"modified":"2020-09-28T18:57:40","modified_gmt":"2020-09-28T16:57:40","slug":"versand-und-transporthinweise","status":"publish","type":"page","link":"https:\/\/speditiondigital.de\/el\/transmovia-transport-preisrechner\/versand-und-transporthinweise\/","title":{"rendered":"Versand- und Transporthinweise"},"content":{"rendered":"\n<style type=\"text\/css\" data-created_by=\"avia_inline_auto\" id=\"style-css-av-1zar56-e7d2da9eef93fe2eeb767cd5f8817439\">\n.flex_column.av-1zar56-e7d2da9eef93fe2eeb767cd5f8817439{\n-webkit-border-radius:0px 0px 0px 0px;\n-moz-border-radius:0px 0px 0px 0px;\nborder-radius:0px 0px 0px 0px;\npadding:0px 0px 0px 0px;\n}\n<\/style>\n<div  class='flex_column av-1zar56-e7d2da9eef93fe2eeb767cd5f8817439 av_one_full  avia-builder-el-0  avia-builder-el-no-sibling  first flex_column_div av-zero-column-padding  '     ><style type=\"text\/css\" data-created_by=\"avia_inline_auto\" id=\"style-css-av-jo4fw13y-84649deec08ab1c9e602b16faa6e4908\">\n#top .av_textblock_section.av-jo4fw13y-84649deec08ab1c9e602b16faa6e4908 .avia_textblock{\nfont-size:14px;\n}\n<\/style>\n<section  class='av_textblock_section av-jo4fw13y-84649deec08ab1c9e602b16faa6e4908 '   itemscope=\"itemscope\" itemtype=\"https:\/\/schema.org\/CreativeWork\" ><div class='avia_textblock'  itemprop=\"text\" ><h1 style=\"text-align: center;\"><span id=\"result_box\" class=\"\" lang=\"en\"><span title=\"ALLGEMEINE GESCH\u00c4FTSBEDINGUNGEN VON \">VERSAND- UND TRANSPORTHINWEISE<\/span><\/span><strong><span id=\"result_box\" class=\"\" lang=\"en\"><span title=\"ALLGEMEINE GESCH\u00c4FTSBEDINGUNGEN VON \"><br \/>\n<\/span><\/span><\/strong><\/h1>\n<p style=\"text-align: center;\">TRANSMOVIA &#8211; TRANSPORT KURIER EXPRESS<br \/>\n<strong><em>https:\/\/www.transmovia.com<br \/>\n<span id=\"result_box\" class=\"\" lang=\"en\"><span title=\"Stand 09-2018 \">Stand 09-2020<\/span><\/span><\/em><\/strong><\/p>\n<ul>\n<li><span id=\"p195\"><span id=\"p194\">Der angegebene Transportpreis versteht sich ohne Extra-Leistungen (buchbar sh. Optionen, n\u00e4chste Seite)<\/span><\/span><\/li>\n<li><span id=\"p196\"><\/span>Fahrzeug hat keine Ladebordwand \/ Hebeb\u00fchne (buchbar sh. Optionen, n\u00e4chste Seite)<\/li>\n<li><span id=\"p199\"><\/span><span id=\"p10\"><span id=\"160-161\">Inkl. 60 Min. (total) f\u00fcr Be-\/Entladen u. Wartezeiten. Je weitere angef. 60 Min. = 30 \u20ac netto<\/span><\/span><\/li>\n<li><span id=\"p11\">Kein Palettentausch, keine R\u00fccknahme von Leergut, Verpackung etc.<\/span><\/li>\n<li><span id=\"p12\">Je nach Fahrzeugtyp 4 \/ 8 \/ 15 Paletten-Pl\u00e4tze<\/span><\/li>\n<li><span id=\"p13\">Bis 2.400 kg Nutzlast, &gt; 2.400 kg = mehrere Fahrzeuge.<\/span><\/li>\n<li><span id=\"p14\"><\/span><span id=\"p15\">Sprinter u. Planen-Sprinter keine Rampenh\u00f6he<\/span><\/li>\n<li><span id=\"p16\"><\/span><span id=\"p17\">Fahrer ist allein. Bei Packst\u00fccken &gt; 31 kg oder sperrig ben\u00f6tigt Fahrer Hilfe beim Be-\/Entladen.<\/span><\/li>\n<li><span id=\"p18\"><\/span><span id=\"p240\">2-Mann Zustellung, Fahrer u. 2. Mann zus. + 85 \u20ac, nur in DE, nur a. Anfrage<\/span><\/li>\n<li><span id=\"p22\">Keine Inselbelieferung in DE<\/span><\/li>\n<li><span id=\"p23\"><span id=\"166-167\">Rechnungsversand, elektronisch per E-Mail (Papierrechnung gegen Aufpreis)<br \/>\n<\/span><\/span><\/li>\n<li><span id=\"p24\"><span id=\"168-169\"><\/span>Ablieferbelege, elektronisch, nur f\u00fcr angemeldete Kunden<\/span><\/li>\n<li><span id=\"p25\"><span id=\"170-171\"><\/span><\/span>Falsche Angaben zu Ma\u00dfen, Gewichten, Transportgut und Adressen k\u00f6nnen zu Verz\u00f6gerungen und Nachforderungen f\u00fchren.<br \/>\n<span id=\"p25\"><\/span>Im Extremfall wird der Transport kostenpflichtig abgebrochen!<\/li>\n<\/ul>\n<\/div><\/section><\/div>\n","protected":false},"excerpt":{"rendered":"","protected":false},"author":1,"featured_media":0,"parent":4294,"menu_order":36,"comment_status":"closed","ping_status":"closed","template":"","meta":{"footnotes":""},"acf":[],"_links":{"self":[{"href":"https:\/\/speditiondigital.de\/el\/wp-json\/wp\/v2\/pages\/4474"}],"collection":[{"href":"https:\/\/speditiondigital.de\/el\/wp-json\/wp\/v2\/pages"}],"about":[{"href":"https:\/\/speditiondigital.de\/el\/wp-json\/wp\/v2\/types\/page"}],"author":[{"embeddable":true,"href":"https:\/\/speditiondigital.de\/el\/wp-json\/wp\/v2\/users\/1"}],"replies":[{"embeddable":true,"href":"https:\/\/speditiondigital.de\/el\/wp-json\/wp\/v2\/comments?post=4474"}],"version-history":[{"count":3,"href":"https:\/\/speditiondigital.de\/el\/wp-json\/wp\/v2\/pages\/4474\/revisions"}],"predecessor-version":[{"id":7798,"href":"https:\/\/speditiondigital.de\/el\/wp-json\/wp\/v2\/pages\/4474\/revisions\/7798"}],"up":[{"embeddable":true,"href":"https:\/\/speditiondigital.de\/el\/wp-json\/wp\/v2\/pages\/4294"}],"wp:attachment":[{"href":"https:\/\/speditiondigital.de\/el\/wp-json\/wp\/v2\/media?parent=4474"}],"curies":[{"name":"wp","href":"https:\/\/api.w.org\/{rel}","templated":true}]}}